{"id":1182,"date":"2020-06-26T16:45:00","date_gmt":"2020-06-26T14:45:00","guid":{"rendered":"https:\/\/www.balboasesores.com\/nosotros\/"},"modified":"2023-09-18T12:45:47","modified_gmt":"2023-09-18T10:45:47","slug":"joaquin","status":"publish","type":"page","link":"https:\/\/www.balboasesores.com\/en\/joaquin\/","title":{"rendered":"Joaqu\u00edn Botija"},"content":{"rendered":"\n<p><style type=\"text\/css\">@media only screen and (min-width: 1000px) and (max-width: 5000px){html body .kc-css-824378{width: 100%;}}html body .kc-css-113747 li{color: #000000;}html body .kc-css-113747 li:hover,html body .kc-css-113747 li:hover a{color: #5c5c5c;}html body .kc-css-191869 li{color: #000000;}html body .kc-css-191869 li:hover,html body .kc-css-191869 li:hover a{color: #5c5c5c;}html body .kc-css-846307 li{color: #000000;}html body .kc-css-846307 li:hover,html body .kc-css-846307 li:hover a{color: #5c5c5c;}html body .kc-css-532126 li{color: #000000;}html body .kc-css-532126 li:hover,html body .kc-css-532126 li:hover a{color: #5c5c5c;}html body .kc-css-856189 .divider_inner{border-color: #000000;border-style: solid;}html body .kc-css-856189 .line_text{color: #000000;}html body .kc-css-273248 .divider_inner{border-color: #000000;border-style: solid;}html body .kc-css-273248 .line_text{color: #000000;}<\/style><\/p>\n\n\n\n<div class=\"wp-block-stackable-heading alignwide stk-block-heading stk-block-heading--v2 stk-block stk-854c0d5\" id=\"span-style-color-052184-class-stk-highlight-joaquin-botija-span\" data-block-id=\"854c0d5\"><h2 class=\"stk-block-heading__text has-text-align-center\"><span style=\"color: #052184;\" class=\"stk-highlight\">Joaqu\u00edn Botija<\/span><\/h2><\/div>\n\n\n\n<div class=\"wp-block-stackable-divider alignfull stk-block-divider stk-block stk-e44be2a\" data-block-id=\"e44be2a\"><style>.stk-e44be2a hr.stk-block-divider__hr{background:#052184 !important}<\/style><hr class=\"stk-block-divider__hr\"\/><\/div>\n\n\n\n<div class=\"wp-block-stackable-columns alignwide stk-block-columns stk-block stk-0ce2637\" data-block-id=\"0ce2637\"><style>.stk-0ce2637{margin-bottom:74px !important}<\/style><div class=\"stk-row stk-inner-blocks stk-block-content stk-content-align stk-0ce2637-column alignwide\">\n<div class=\"wp-block-stackable-column stk-block-column stk-column stk-block stk-4719d5b\" data-v=\"4\" data-block-id=\"4719d5b\"><style>@media screen and (min-width:768px){.stk-4719d5b{flex:1 1 calc(47.5% - var(--stk-column-gap,0px) * 2 \/ 3 ) !important}}@media screen and (max-width:767px){.stk-4719d5b{margin-right:75px !important}}<\/style><div class=\"stk-column-wrapper stk-block-column__content stk-container stk-4719d5b-container stk--no-background stk--no-padding\"><div class=\"has-text-align-right stk-block-content stk-inner-blocks stk-4719d5b-inner-blocks\">\n<div class=\"wp-block-stackable-image stk-block-image stk-block stk-dfcc831\" data-block-id=\"dfcc831\"><style>.stk-dfcc831 .stk-img-wrapper{width:75% !important}<\/style><figure class=\"stk-img-wrapper stk-image--shape-stretch\"><img loading=\"lazy\" decoding=\"async\" class=\"stk-img wp-image-745\" src=\"https:\/\/www.balboasesores.com\/wp-content\/uploads\/2023\/05\/Idea1.png\" width=\"570\" height=\"557\" alt=\"joaquin botija\" srcset=\"https:\/\/www.balboasesores.com\/wp-content\/uploads\/2023\/05\/Idea1.png 570w, https:\/\/www.balboasesores.com\/wp-content\/uploads\/2023\/05\/Idea1-300x293.png 300w\" sizes=\"auto, (max-width: 570px) 100vw, 570px\" \/><\/figure><\/div>\n<\/div><\/div><\/div>\n\n\n\n<div class=\"wp-block-stackable-column stk-block-column stk-column stk-block stk-b4a4ade\" data-v=\"4\" data-block-id=\"b4a4ade\"><style>@media screen and (min-width:768px){.stk-b4a4ade{flex:1 1 calc(5% - var(--stk-column-gap,0px) * 2 \/ 3 ) !important}}<\/style><div class=\"stk-column-wrapper stk-block-column__content stk-container stk-b4a4ade-container stk--no-background stk--no-padding\"><div class=\"stk-block-content stk-inner-blocks stk-b4a4ade-inner-blocks\"><\/div><\/div><\/div>\n\n\n\n<div class=\"wp-block-stackable-column stk-block-column stk-column stk-block stk-046479e\" data-v=\"4\" data-block-id=\"046479e\"><style>.stk-046479e{margin-top:-25px !important;margin-right:50px !important}@media screen and (min-width:768px){.stk-046479e{flex:1 1 calc(47.5% - var(--stk-column-gap,0px) * 2 \/ 3 ) !important}}@media screen and (max-width:767px){.stk-046479e{margin-right:0px !important;margin-left:0px !important}}<\/style><div class=\"stk-column-wrapper stk-block-column__content stk-container stk-046479e-container stk--no-background stk--no-padding\"><div class=\"stk-block-content stk-inner-blocks stk-046479e-inner-blocks\">\n<div style=\"height:74px\" aria-hidden=\"true\" class=\"wp-block-spacer\"><\/div>\n\n\n\n<blockquote class=\"wp-block-stackable-blockquote stk-block-blockquote stk-block stk-bc96a30 is-style-default\" data-v=\"2\" data-block-id=\"bc96a30\"><div class=\"has-text-align-center stk-block-blockquote__content stk-container stk-bc96a30-container stk--no-background stk--no-padding\"><div class=\"stk-block-content stk-inner-blocks\">\n<div class=\"wp-block-stackable-text stk-block-text stk-block stk-6d05862\" data-block-id=\"6d05862\"><p class=\"stk-block-text__text\">Our firm has been providing legal advice to all types of companies, professionals, associations and individuals for more than 25 years.<br>We guarantee each of our clients a first class service.<\/p><\/div>\n<\/div><\/div><\/blockquote>\n\n\n\n<div class=\"wp-block-stackable-columns stk-block-columns stk-block stk-8df7570\" data-block-id=\"8df7570\"><div class=\"stk-row stk-inner-blocks stk-block-content stk-content-align stk-8df7570-column\">\n<div class=\"wp-block-stackable-column stk-block-column stk-column stk-block stk-a23bb7a\" data-v=\"4\" data-block-id=\"a23bb7a\"><style>@media screen and (min-width:768px){.stk-a23bb7a{flex:1 1 calc(5% - var(--stk-column-gap,0px) * 2 \/ 3 ) !important}}<\/style><div class=\"stk-column-wrapper stk-block-column__content stk-container stk-a23bb7a-container stk--no-background stk--no-padding\"><div class=\"stk-block-content stk-inner-blocks stk-a23bb7a-inner-blocks\"><\/div><\/div><\/div>\n\n\n\n<div class=\"wp-block-stackable-column stk-block-column stk-column stk-block stk-8b97da9\" data-v=\"4\" data-block-id=\"8b97da9\"><style>@media screen and (min-width:768px){.stk-8b97da9{flex:1 1 calc(90% - var(--stk-column-gap,0px) * 2 \/ 3 ) !important}}<\/style><div class=\"stk-column-wrapper stk-block-column__content stk-container stk-8b97da9-container stk--no-background stk--no-padding\"><div class=\"stk-block-content stk-inner-blocks stk-8b97da9-inner-blocks\">\n<div class=\"wp-block-stackable-button-group aligncenter stk-block-button-group stk-block stk-38ae49f\" data-block-id=\"38ae49f\"><div class=\"stk-row stk-inner-blocks stk-block-content stk-button-group\">\n<div class=\"wp-block-stackable-button stk-block-button has-text-align-center is-style-ghost stk-block stk-c2f0ab9\" data-block-id=\"c2f0ab9\"><style>.stk-c2f0ab9,.stk-c2f0ab9 .stk-button{width:100% !important}.stk-c2f0ab9{flex:1 1 0 !important}.stk-c2f0ab9 .stk-button{background:transparent !important}.stk-c2f0ab9 .stk-button:hover:after{background:#384a8b !important;opacity:1 !important}:where(.stk-hover-parent:hover,.stk-hover-parent.stk--is-hovered) .stk-c2f0ab9 .stk-button:after{background:transparent !important;opacity:1 !important}.stk-c2f0ab9 .stk-button:before{border-style:solid !important;border-color:#052184 !important}.stk-c2f0ab9 .stk-button__inner-text{color:#052184 !important}.stk-c2f0ab9 .stk-button:hover .stk-button__inner-text{color:#ffffff !important}<\/style><a class=\"stk-link stk-button stk--hover-effect-lift\" href=\"https:\/\/www.balboasesores.com\/en\/contact\/\"><span class=\"has-text-color stk-button__inner-text\">Contact with us<\/span><\/a><\/div>\n<\/div><\/div>\n<\/div><\/div><\/div>\n\n\n\n<div class=\"wp-block-stackable-column stk-block-column stk-column stk-block stk-c3cbf46\" data-v=\"4\" data-block-id=\"c3cbf46\"><style>@media screen and (min-width:768px){.stk-c3cbf46{flex:1 1 calc(5% - var(--stk-column-gap,0px) * 2 \/ 3 ) !important}}<\/style><div class=\"stk-column-wrapper stk-block-column__content stk-container stk-c3cbf46-container stk--no-background stk--no-padding\"><div class=\"stk-block-content stk-inner-blocks stk-c3cbf46-inner-blocks\"><\/div><\/div><\/div>\n<\/div><\/div>\n<\/div><\/div><\/div>\n<\/div><\/div>\n\n\n\n<div class=\"wp-block-stackable-spacer stk-block-spacer stk--no-padding stk-block stk-4ac263c\" data-block-id=\"4ac263c\"><\/div>\n\n\n\n<div class=\"wp-block-stackable-heading alignfull stk-block-heading stk-block-heading--v2 stk-block stk-039ebb7\" id=\"span-style-color-052184-class-stk-highlight-our-offices-span\" data-block-id=\"039ebb7\"><h2 class=\"stk-block-heading__text has-text-align-center\"><span style=\"color: #052184;\" class=\"stk-highlight\">Our offices<\/span><\/h2><\/div>\n\n\n\n<div class=\"wp-block-stackable-divider alignfull stk-block-divider has-text-align-center stk-block stk-27b9e94\" data-block-id=\"27b9e94\"><style>.stk-27b9e94 hr.stk-block-divider__hr{background:#052184 !important}<\/style><hr class=\"stk-block-divider__hr\"\/><\/div>\n\n\n\n<figure class=\"wp-block-gallery alignwide has-nested-images columns-default is-cropped wp-block-gallery-1 is-layout-flex wp-block-gallery-is-layout-flex\">\n<figure class=\"wp-block-image size-large\"><img loading=\"lazy\" decoding=\"async\" width=\"1024\" height=\"498\" data-id=\"104\" src=\"https:\/\/www.balboasesores.com\/wp-content\/uploads\/2020\/06\/IMG-20200616-WA0004-1024x498.jpg\" alt=\"exteriores\" class=\"wp-image-104\" srcset=\"https:\/\/www.balboasesores.com\/wp-content\/uploads\/2020\/06\/IMG-20200616-WA0004-1024x498.jpg 1024w, https:\/\/www.balboasesores.com\/wp-content\/uploads\/2020\/06\/IMG-20200616-WA0004-300x146.jpg 300w, https:\/\/www.balboasesores.com\/wp-content\/uploads\/2020\/06\/IMG-20200616-WA0004-768x373.jpg 768w, https:\/\/www.balboasesores.com\/wp-content\/uploads\/2020\/06\/IMG-20200616-WA0004-1536x747.jpg 1536w, https:\/\/www.balboasesores.com\/wp-content\/uploads\/2020\/06\/IMG-20200616-WA0004.jpg 2016w\" sizes=\"auto, (max-width: 1024px) 100vw, 1024px\" \/><\/figure>\n\n\n\n<figure class=\"wp-block-image size-large\"><img loading=\"lazy\" decoding=\"async\" width=\"1024\" height=\"498\" data-id=\"55\" src=\"https:\/\/www.balboasesores.com\/wp-content\/uploads\/2020\/06\/IMG-20200616-WA0005-1024x498.jpg\" alt=\"oficina\" class=\"wp-image-55\" srcset=\"https:\/\/www.balboasesores.com\/wp-content\/uploads\/2020\/06\/IMG-20200616-WA0005-1024x498.jpg 1024w, https:\/\/www.balboasesores.com\/wp-content\/uploads\/2020\/06\/IMG-20200616-WA0005-300x146.jpg 300w, https:\/\/www.balboasesores.com\/wp-content\/uploads\/2020\/06\/IMG-20200616-WA0005-768x373.jpg 768w, https:\/\/www.balboasesores.com\/wp-content\/uploads\/2020\/06\/IMG-20200616-WA0005-1536x747.jpg 1536w, https:\/\/www.balboasesores.com\/wp-content\/uploads\/2020\/06\/IMG-20200616-WA0005.jpg 2016w\" sizes=\"auto, (max-width: 1024px) 100vw, 1024px\" \/><\/figure>\n<\/figure>\n\n\n\n<div class=\"wp-block-stackable-spacer stk-block-spacer stk--no-padding stk-block stk-a856d99\" data-block-id=\"a856d99\"><\/div>\n","protected":false},"excerpt":{"rendered":"<p>Joaqu\u00edn Botija Our firm has been providing legal advice to all types of companies, professionals, associations and individuals for more than 25 years.We guarantee each of our clients a first class service. Contact with us Our offices<\/p>\n","protected":false},"author":1,"featured_media":0,"parent":0,"menu_order":0,"comment_status":"closed","ping_status":"closed","template":"","meta":{"footnotes":""},"class_list":["post-1182","page","type-page","status-publish","hentry"],"yoast_head":"<!-- This site is optimized with the Yoast SEO plugin v27.5 - https:\/\/yoast.com\/product\/yoast-seo-wordpress\/ -->\n<title>Joaqu\u00edn Botija - Balbo Asesores<\/title>\n<meta name=\"description\" content=\"Aqu\u00ed podr\u00e1 ver toda la informaci\u00f3n acerca de nosotros, desde donde nos ubicamos hasta como funciona nuestra asesor\u00eda.\" \/>\n<meta name=\"robots\" content=\"index, follow, max-snippet:-1, max-image-preview:large, max-video-preview:-1\" \/>\n<link rel=\"canonical\" href=\"https:\/\/www.balboasesores.com\/en\/joaquin\/\" \/>\n<meta property=\"og:locale\" content=\"en_US\" \/>\n<meta property=\"og:type\" content=\"article\" \/>\n<meta property=\"og:title\" content=\"Joaqu\u00edn Botija - Balbo Asesores\" \/>\n<meta property=\"og:description\" content=\"Aqu\u00ed podr\u00e1 ver toda la informaci\u00f3n acerca de nosotros, desde donde nos ubicamos hasta como funciona nuestra asesor\u00eda.\" \/>\n<meta property=\"og:url\" content=\"https:\/\/www.balboasesores.com\/en\/joaquin\/\" \/>\n<meta property=\"og:site_name\" content=\"Balbo Asesores\" \/>\n<meta property=\"article:modified_time\" content=\"2023-09-18T10:45:47+00:00\" \/>\n<meta property=\"og:image\" content=\"https:\/\/www.balboasesores.com\/wp-content\/uploads\/2023\/05\/Idea1.png\" \/>\n<meta name=\"twitter:card\" content=\"summary_large_image\" \/>\n<meta name=\"twitter:label1\" content=\"Est. reading time\" \/>\n\t<meta name=\"twitter:data1\" content=\"1 minute\" \/>\n<script type=\"application\/ld+json\" class=\"yoast-schema-graph\">{\"@context\":\"https:\\\/\\\/schema.org\",\"@graph\":[{\"@type\":\"WebPage\",\"@id\":\"https:\\\/\\\/www.balboasesores.com\\\/en\\\/joaquin\\\/\",\"url\":\"https:\\\/\\\/www.balboasesores.com\\\/en\\\/joaquin\\\/\",\"name\":\"Joaqu\u00edn Botija - Balbo Asesores\",\"isPartOf\":{\"@id\":\"https:\\\/\\\/www.balboasesores.com\\\/#website\"},\"primaryImageOfPage\":{\"@id\":\"https:\\\/\\\/www.balboasesores.com\\\/en\\\/joaquin\\\/#primaryimage\"},\"image\":{\"@id\":\"https:\\\/\\\/www.balboasesores.com\\\/en\\\/joaquin\\\/#primaryimage\"},\"thumbnailUrl\":\"https:\\\/\\\/www.balboasesores.com\\\/wp-content\\\/uploads\\\/2023\\\/05\\\/Idea1.png\",\"datePublished\":\"2020-06-26T14:45:00+00:00\",\"dateModified\":\"2023-09-18T10:45:47+00:00\",\"description\":\"Aqu\u00ed podr\u00e1 ver toda la informaci\u00f3n acerca de nosotros, desde donde nos ubicamos hasta como funciona nuestra asesor\u00eda.\",\"breadcrumb\":{\"@id\":\"https:\\\/\\\/www.balboasesores.com\\\/en\\\/joaquin\\\/#breadcrumb\"},\"inLanguage\":\"en-US\",\"potentialAction\":[{\"@type\":\"ReadAction\",\"target\":[\"https:\\\/\\\/www.balboasesores.com\\\/en\\\/joaquin\\\/\"]}]},{\"@type\":\"ImageObject\",\"inLanguage\":\"en-US\",\"@id\":\"https:\\\/\\\/www.balboasesores.com\\\/en\\\/joaquin\\\/#primaryimage\",\"url\":\"https:\\\/\\\/www.balboasesores.com\\\/wp-content\\\/uploads\\\/2023\\\/05\\\/Idea1.png\",\"contentUrl\":\"https:\\\/\\\/www.balboasesores.com\\\/wp-content\\\/uploads\\\/2023\\\/05\\\/Idea1.png\"},{\"@type\":\"BreadcrumbList\",\"@id\":\"https:\\\/\\\/www.balboasesores.com\\\/en\\\/joaquin\\\/#breadcrumb\",\"itemListElement\":[{\"@type\":\"ListItem\",\"position\":1,\"name\":\"Home\",\"item\":\"https:\\\/\\\/www.balboasesores.com\\\/en\\\/\"},{\"@type\":\"ListItem\",\"position\":2,\"name\":\"Joaqu\u00edn Botija\"}]},{\"@type\":\"WebSite\",\"@id\":\"https:\\\/\\\/www.balboasesores.com\\\/#website\",\"url\":\"https:\\\/\\\/www.balboasesores.com\\\/\",\"name\":\"Balbo Asesores\",\"description\":\"Asesoramiento fiscal, contable y laboral\",\"publisher\":{\"@id\":\"https:\\\/\\\/www.balboasesores.com\\\/#organization\"},\"potentialAction\":[{\"@type\":\"SearchAction\",\"target\":{\"@type\":\"EntryPoint\",\"urlTemplate\":\"https:\\\/\\\/www.balboasesores.com\\\/?s={search_term_string}\"},\"query-input\":{\"@type\":\"PropertyValueSpecification\",\"valueRequired\":true,\"valueName\":\"search_term_string\"}}],\"inLanguage\":\"en-US\"},{\"@type\":\"Organization\",\"@id\":\"https:\\\/\\\/www.balboasesores.com\\\/#organization\",\"name\":\"Balbo Asesores\",\"url\":\"https:\\\/\\\/www.balboasesores.com\\\/\",\"logo\":{\"@type\":\"ImageObject\",\"inLanguage\":\"en-US\",\"@id\":\"https:\\\/\\\/www.balboasesores.com\\\/#\\\/schema\\\/logo\\\/image\\\/\",\"url\":\"https:\\\/\\\/www.balboasesores.com\\\/wp-content\\\/uploads\\\/2023\\\/05\\\/jb-edited.jpg\",\"contentUrl\":\"https:\\\/\\\/www.balboasesores.com\\\/wp-content\\\/uploads\\\/2023\\\/05\\\/jb-edited.jpg\",\"width\":96,\"height\":54,\"caption\":\"Balbo Asesores\"},\"image\":{\"@id\":\"https:\\\/\\\/www.balboasesores.com\\\/#\\\/schema\\\/logo\\\/image\\\/\"}}]}<\/script>\n<!-- \/ Yoast SEO plugin. -->","yoast_head_json":{"title":"Joaqu\u00edn Botija - Balbo Asesores","description":"Aqu\u00ed podr\u00e1 ver toda la informaci\u00f3n acerca de nosotros, desde donde nos ubicamos hasta como funciona nuestra asesor\u00eda.","robots":{"index":"index","follow":"follow","max-snippet":"max-snippet:-1","max-image-preview":"max-image-preview:large","max-video-preview":"max-video-preview:-1"},"canonical":"https:\/\/www.balboasesores.com\/en\/joaquin\/","og_locale":"en_US","og_type":"article","og_title":"Joaqu\u00edn Botija - Balbo Asesores","og_description":"Aqu\u00ed podr\u00e1 ver toda la informaci\u00f3n acerca de nosotros, desde donde nos ubicamos hasta como funciona nuestra asesor\u00eda.","og_url":"https:\/\/www.balboasesores.com\/en\/joaquin\/","og_site_name":"Balbo Asesores","article_modified_time":"2023-09-18T10:45:47+00:00","og_image":[{"url":"https:\/\/www.balboasesores.com\/wp-content\/uploads\/2023\/05\/Idea1.png","type":"","width":"","height":""}],"twitter_card":"summary_large_image","twitter_misc":{"Est. reading time":"1 minute"},"schema":{"@context":"https:\/\/schema.org","@graph":[{"@type":"WebPage","@id":"https:\/\/www.balboasesores.com\/en\/joaquin\/","url":"https:\/\/www.balboasesores.com\/en\/joaquin\/","name":"Joaqu\u00edn Botija - Balbo Asesores","isPartOf":{"@id":"https:\/\/www.balboasesores.com\/#website"},"primaryImageOfPage":{"@id":"https:\/\/www.balboasesores.com\/en\/joaquin\/#primaryimage"},"image":{"@id":"https:\/\/www.balboasesores.com\/en\/joaquin\/#primaryimage"},"thumbnailUrl":"https:\/\/www.balboasesores.com\/wp-content\/uploads\/2023\/05\/Idea1.png","datePublished":"2020-06-26T14:45:00+00:00","dateModified":"2023-09-18T10:45:47+00:00","description":"Aqu\u00ed podr\u00e1 ver toda la informaci\u00f3n acerca de nosotros, desde donde nos ubicamos hasta como funciona nuestra asesor\u00eda.","breadcrumb":{"@id":"https:\/\/www.balboasesores.com\/en\/joaquin\/#breadcrumb"},"inLanguage":"en-US","potentialAction":[{"@type":"ReadAction","target":["https:\/\/www.balboasesores.com\/en\/joaquin\/"]}]},{"@type":"ImageObject","inLanguage":"en-US","@id":"https:\/\/www.balboasesores.com\/en\/joaquin\/#primaryimage","url":"https:\/\/www.balboasesores.com\/wp-content\/uploads\/2023\/05\/Idea1.png","contentUrl":"https:\/\/www.balboasesores.com\/wp-content\/uploads\/2023\/05\/Idea1.png"},{"@type":"BreadcrumbList","@id":"https:\/\/www.balboasesores.com\/en\/joaquin\/#breadcrumb","itemListElement":[{"@type":"ListItem","position":1,"name":"Home","item":"https:\/\/www.balboasesores.com\/en\/"},{"@type":"ListItem","position":2,"name":"Joaqu\u00edn Botija"}]},{"@type":"WebSite","@id":"https:\/\/www.balboasesores.com\/#website","url":"https:\/\/www.balboasesores.com\/","name":"Balbo Asesores","description":"Asesoramiento fiscal, contable y laboral","publisher":{"@id":"https:\/\/www.balboasesores.com\/#organization"},"potentialAction":[{"@type":"SearchAction","target":{"@type":"EntryPoint","urlTemplate":"https:\/\/www.balboasesores.com\/?s={search_term_string}"},"query-input":{"@type":"PropertyValueSpecification","valueRequired":true,"valueName":"search_term_string"}}],"inLanguage":"en-US"},{"@type":"Organization","@id":"https:\/\/www.balboasesores.com\/#organization","name":"Balbo Asesores","url":"https:\/\/www.balboasesores.com\/","logo":{"@type":"ImageObject","inLanguage":"en-US","@id":"https:\/\/www.balboasesores.com\/#\/schema\/logo\/image\/","url":"https:\/\/www.balboasesores.com\/wp-content\/uploads\/2023\/05\/jb-edited.jpg","contentUrl":"https:\/\/www.balboasesores.com\/wp-content\/uploads\/2023\/05\/jb-edited.jpg","width":96,"height":54,"caption":"Balbo Asesores"},"image":{"@id":"https:\/\/www.balboasesores.com\/#\/schema\/logo\/image\/"}}]}},"_links":{"self":[{"href":"https:\/\/www.balboasesores.com\/en\/wp-json\/wp\/v2\/pages\/1182","targetHints":{"allow":["GET"]}}],"collection":[{"href":"https:\/\/www.balboasesores.com\/en\/wp-json\/wp\/v2\/pages"}],"about":[{"href":"https:\/\/www.balboasesores.com\/en\/wp-json\/wp\/v2\/types\/page"}],"author":[{"embeddable":true,"href":"https:\/\/www.balboasesores.com\/en\/wp-json\/wp\/v2\/users\/1"}],"replies":[{"embeddable":true,"href":"https:\/\/www.balboasesores.com\/en\/wp-json\/wp\/v2\/comments?post=1182"}],"version-history":[{"count":7,"href":"https:\/\/www.balboasesores.com\/en\/wp-json\/wp\/v2\/pages\/1182\/revisions"}],"predecessor-version":[{"id":1297,"href":"https:\/\/www.balboasesores.com\/en\/wp-json\/wp\/v2\/pages\/1182\/revisions\/1297"}],"wp:attachment":[{"href":"https:\/\/www.balboasesores.com\/en\/wp-json\/wp\/v2\/media?parent=1182"}],"curies":[{"name":"wp","href":"https:\/\/api.w.org\/{rel}","templated":true}]}}