{"id":1217,"date":"2020-06-26T18:21:17","date_gmt":"2020-06-26T16:21:17","guid":{"rendered":"https:\/\/www.balboasesores.com\/politica-de-cookies\/"},"modified":"2024-07-22T14:54:42","modified_gmt":"2024-07-22T12:54:42","slug":"cookie-policy","status":"publish","type":"page","link":"https:\/\/www.balboasesores.com\/en\/cookie-policy\/","title":{"rendered":"Cookie Policy"},"content":{"rendered":"\n<div class=\"wp-block-group has-global-padding is-layout-constrained wp-container-core-group-is-layout-23b1a4dc wp-block-group-is-layout-constrained\" style=\"padding-top:var(--wp--preset--spacing--30);padding-right:var(--wp--preset--spacing--30);padding-bottom:var(--wp--preset--spacing--30);padding-left:var(--wp--preset--spacing--30)\">\n<h1 class=\"wp-block-heading\">Cookie Policy<\/h1>\n\n\n\n<p>En cumplimiento con lo dispuesto en el art\u00edculo 22.2 de la Ley 34\/2002, de 11 de julio, de Servicios de la Sociedad de la Informaci\u00f3n y de Comercio Electr\u00f3nico, esta p\u00e1gina web le informa, en esta secci\u00f3n, sobre la pol\u00edtica de recogida y tratamiento de cookies.<\/p>\n\n\n\n<h4 class=\"wp-block-heading\" id=\"qu-son-las-cookies\">\u00bfQu\u00e9 son las cookies?<\/h4>\n\n\n\n<p>Una cookie es un fichero que se descarga en su ordenador al acceder a determinadas p\u00e1ginas web. Las cookies permiten a una p\u00e1gina web, entre otras cosas, almacenar y recuperar informaci\u00f3n sobre los h\u00e1bitos de navegaci\u00f3n de un usuario o de su equipo y, dependiendo de la informaci\u00f3n que contengan y de la forma en que utilice su equipo, pueden utilizarse para reconocer al usuario.<\/p>\n\n\n\n<hr class=\"wp-block-separator has-css-opacity\"\/>\n\n\n\n<h4 class=\"wp-block-heading\" id=\"qu-tipos-de-cookies-utiliza-esta-pgina-web\">\u00bfQu\u00e9 tipos de cookies utiliza esta p\u00e1gina web?<\/h4>\n\n\n\n<ul class=\"wp-block-list\">\n<li><strong>Cookies de an\u00e1lisis &#8211;<\/strong>&nbsp;Son aqu\u00e9llas que bien tratadas por nosotros o por terceros, nos permiten cuantificar el n\u00famero de usuarios y as\u00ed realizar la medici\u00f3n y an\u00e1lisis estad\u00edstico de la utilizaci\u00f3n que hacen los usuarios del servicio ofertado. Para ello se analiza su navegaci\u00f3n en nuestra p\u00e1gina web con el fin de mejorar la oferta de productos o servicios que le ofrecemos.<\/li>\n<\/ul>\n\n\n\n<h4 class=\"wp-block-heading\" id=\"cmo-desactivar-las-cookies\">C\u00f3mo desactivar las Cookies<\/h4>\n\n\n\n<p>Puede usted permitir, bloquear o eliminar las cookies instaladas en su equipo mediante la configuraci\u00f3n de las opciones del navegador instalado en su ordenador.<\/p>\n\n\n\n<p>A continuaci\u00f3n puede acceder a la configuraci\u00f3n de los navegadores webs m\u00e1s frecuentes para aceptar, instalar o desactivar las cookies:<\/p>\n\n\n\n<ul class=\"wp-block-list\">\n<li><strong><a rel=\"noreferrer noopener\" target=\"_blank\" href=\"http:\/\/support.mozilla.org\/es\/kb\/habilitar-y-deshabilitar-cookies-que-los-sitios-we\">Firefox<\/a><\/strong><\/li>\n\n\n\n<li><strong><a rel=\"noreferrer noopener\" target=\"_blank\" href=\"http:\/\/support.apple.com\/kb\/HT1677?viewlocale=es_ES\">Safari<\/a><\/strong><\/li>\n\n\n\n<li><a rel=\"noreferrer noopener\" target=\"_blank\" href=\"https:\/\/support.google.com\/chrome\/answer\/95647?hl=es\"><strong>Google Chrome<\/strong><\/a><\/li>\n<\/ul>\n\n\n\n<h4 class=\"wp-block-heading\" id=\"cookies-de-terceros\">Cookies de Terceros<\/h4>\n\n\n\n<p>Esta p\u00e1gina web utiliza servicios de terceros para recopilar informaci\u00f3n con fines estad\u00edsticos y de uso de la web.<\/p>\n\n\n\n<ul class=\"wp-block-list\">\n<li>Google Analytics<\/li>\n\n\n\n<li>WordPress<\/li>\n<\/ul>\n\n\n\n<p><\/p>\n<\/div>\n","protected":false},"excerpt":{"rendered":"<p>Cookie Policy En cumplimiento con lo dispuesto en el art\u00edculo 22.2 de la Ley 34\/2002, de 11 de julio, de Servicios de la Sociedad de la Informaci\u00f3n y de Comercio Electr\u00f3nico, esta p\u00e1gina web le informa, en esta secci\u00f3n, sobre la pol\u00edtica de recogida y tratamiento de cookies. \u00bfQu\u00e9 son las cookies? Una cookie es [&hellip;]<\/p>\n","protected":false},"author":1,"featured_media":0,"parent":0,"menu_order":0,"comment_status":"closed","ping_status":"closed","template":"","meta":{"footnotes":""},"class_list":["post-1217","page","type-page","status-publish","hentry"],"yoast_head":"<!-- This site is optimized with the Yoast SEO plugin v27.5 - https:\/\/yoast.com\/product\/yoast-seo-wordpress\/ -->\n<title>Cookie Policy - Balbo Asesores<\/title>\n<meta name=\"description\" content=\"Esta p\u00e1gina web le informa, en esta secci\u00f3n, sobre la pol\u00edtica de recogida y tratamiento de cookies.\" \/>\n<meta name=\"robots\" content=\"index, follow, max-snippet:-1, max-image-preview:large, max-video-preview:-1\" \/>\n<link rel=\"canonical\" href=\"https:\/\/www.balboasesores.com\/en\/cookie-policy\/\" \/>\n<meta property=\"og:locale\" content=\"en_US\" \/>\n<meta property=\"og:type\" content=\"article\" \/>\n<meta property=\"og:title\" content=\"Cookie Policy - Balbo Asesores\" \/>\n<meta property=\"og:description\" content=\"Esta p\u00e1gina web le informa, en esta secci\u00f3n, sobre la pol\u00edtica de recogida y tratamiento de cookies.\" \/>\n<meta property=\"og:url\" content=\"https:\/\/www.balboasesores.com\/en\/cookie-policy\/\" \/>\n<meta property=\"og:site_name\" content=\"Balbo Asesores\" \/>\n<meta property=\"article:modified_time\" content=\"2024-07-22T12:54:42+00:00\" \/>\n<meta name=\"twitter:card\" content=\"summary_large_image\" \/>\n<meta name=\"twitter:label1\" content=\"Est. reading time\" \/>\n\t<meta name=\"twitter:data1\" content=\"2 minutes\" \/>\n<script type=\"application\/ld+json\" class=\"yoast-schema-graph\">{\"@context\":\"https:\\\/\\\/schema.org\",\"@graph\":[{\"@type\":\"WebPage\",\"@id\":\"https:\\\/\\\/www.balboasesores.com\\\/en\\\/cookie-policy\\\/\",\"url\":\"https:\\\/\\\/www.balboasesores.com\\\/en\\\/cookie-policy\\\/\",\"name\":\"Cookie Policy - Balbo Asesores\",\"isPartOf\":{\"@id\":\"https:\\\/\\\/www.balboasesores.com\\\/#website\"},\"datePublished\":\"2020-06-26T16:21:17+00:00\",\"dateModified\":\"2024-07-22T12:54:42+00:00\",\"description\":\"Esta p\u00e1gina web le informa, en esta secci\u00f3n, sobre la pol\u00edtica de recogida y tratamiento de cookies.\",\"breadcrumb\":{\"@id\":\"https:\\\/\\\/www.balboasesores.com\\\/en\\\/cookie-policy\\\/#breadcrumb\"},\"inLanguage\":\"en-US\",\"potentialAction\":[{\"@type\":\"ReadAction\",\"target\":[\"https:\\\/\\\/www.balboasesores.com\\\/en\\\/cookie-policy\\\/\"]}]},{\"@type\":\"BreadcrumbList\",\"@id\":\"https:\\\/\\\/www.balboasesores.com\\\/en\\\/cookie-policy\\\/#breadcrumb\",\"itemListElement\":[{\"@type\":\"ListItem\",\"position\":1,\"name\":\"Home\",\"item\":\"https:\\\/\\\/www.balboasesores.com\\\/en\\\/\"},{\"@type\":\"ListItem\",\"position\":2,\"name\":\"Cookie Policy\"}]},{\"@type\":\"WebSite\",\"@id\":\"https:\\\/\\\/www.balboasesores.com\\\/#website\",\"url\":\"https:\\\/\\\/www.balboasesores.com\\\/\",\"name\":\"Balbo Asesores\",\"description\":\"Asesoramiento fiscal, contable y laboral\",\"publisher\":{\"@id\":\"https:\\\/\\\/www.balboasesores.com\\\/#organization\"},\"potentialAction\":[{\"@type\":\"SearchAction\",\"target\":{\"@type\":\"EntryPoint\",\"urlTemplate\":\"https:\\\/\\\/www.balboasesores.com\\\/?s={search_term_string}\"},\"query-input\":{\"@type\":\"PropertyValueSpecification\",\"valueRequired\":true,\"valueName\":\"search_term_string\"}}],\"inLanguage\":\"en-US\"},{\"@type\":\"Organization\",\"@id\":\"https:\\\/\\\/www.balboasesores.com\\\/#organization\",\"name\":\"Balbo Asesores\",\"url\":\"https:\\\/\\\/www.balboasesores.com\\\/\",\"logo\":{\"@type\":\"ImageObject\",\"inLanguage\":\"en-US\",\"@id\":\"https:\\\/\\\/www.balboasesores.com\\\/#\\\/schema\\\/logo\\\/image\\\/\",\"url\":\"https:\\\/\\\/www.balboasesores.com\\\/wp-content\\\/uploads\\\/2023\\\/05\\\/jb-edited.jpg\",\"contentUrl\":\"https:\\\/\\\/www.balboasesores.com\\\/wp-content\\\/uploads\\\/2023\\\/05\\\/jb-edited.jpg\",\"width\":96,\"height\":54,\"caption\":\"Balbo Asesores\"},\"image\":{\"@id\":\"https:\\\/\\\/www.balboasesores.com\\\/#\\\/schema\\\/logo\\\/image\\\/\"}}]}<\/script>\n<!-- \/ Yoast SEO plugin. -->","yoast_head_json":{"title":"Cookie Policy - Balbo Asesores","description":"Esta p\u00e1gina web le informa, en esta secci\u00f3n, sobre la pol\u00edtica de recogida y tratamiento de cookies.","robots":{"index":"index","follow":"follow","max-snippet":"max-snippet:-1","max-image-preview":"max-image-preview:large","max-video-preview":"max-video-preview:-1"},"canonical":"https:\/\/www.balboasesores.com\/en\/cookie-policy\/","og_locale":"en_US","og_type":"article","og_title":"Cookie Policy - Balbo Asesores","og_description":"Esta p\u00e1gina web le informa, en esta secci\u00f3n, sobre la pol\u00edtica de recogida y tratamiento de cookies.","og_url":"https:\/\/www.balboasesores.com\/en\/cookie-policy\/","og_site_name":"Balbo Asesores","article_modified_time":"2024-07-22T12:54:42+00:00","twitter_card":"summary_large_image","twitter_misc":{"Est. reading time":"2 minutes"},"schema":{"@context":"https:\/\/schema.org","@graph":[{"@type":"WebPage","@id":"https:\/\/www.balboasesores.com\/en\/cookie-policy\/","url":"https:\/\/www.balboasesores.com\/en\/cookie-policy\/","name":"Cookie Policy - Balbo Asesores","isPartOf":{"@id":"https:\/\/www.balboasesores.com\/#website"},"datePublished":"2020-06-26T16:21:17+00:00","dateModified":"2024-07-22T12:54:42+00:00","description":"Esta p\u00e1gina web le informa, en esta secci\u00f3n, sobre la pol\u00edtica de recogida y tratamiento de cookies.","breadcrumb":{"@id":"https:\/\/www.balboasesores.com\/en\/cookie-policy\/#breadcrumb"},"inLanguage":"en-US","potentialAction":[{"@type":"ReadAction","target":["https:\/\/www.balboasesores.com\/en\/cookie-policy\/"]}]},{"@type":"BreadcrumbList","@id":"https:\/\/www.balboasesores.com\/en\/cookie-policy\/#breadcrumb","itemListElement":[{"@type":"ListItem","position":1,"name":"Home","item":"https:\/\/www.balboasesores.com\/en\/"},{"@type":"ListItem","position":2,"name":"Cookie Policy"}]},{"@type":"WebSite","@id":"https:\/\/www.balboasesores.com\/#website","url":"https:\/\/www.balboasesores.com\/","name":"Balbo Asesores","description":"Asesoramiento fiscal, contable y laboral","publisher":{"@id":"https:\/\/www.balboasesores.com\/#organization"},"potentialAction":[{"@type":"SearchAction","target":{"@type":"EntryPoint","urlTemplate":"https:\/\/www.balboasesores.com\/?s={search_term_string}"},"query-input":{"@type":"PropertyValueSpecification","valueRequired":true,"valueName":"search_term_string"}}],"inLanguage":"en-US"},{"@type":"Organization","@id":"https:\/\/www.balboasesores.com\/#organization","name":"Balbo Asesores","url":"https:\/\/www.balboasesores.com\/","logo":{"@type":"ImageObject","inLanguage":"en-US","@id":"https:\/\/www.balboasesores.com\/#\/schema\/logo\/image\/","url":"https:\/\/www.balboasesores.com\/wp-content\/uploads\/2023\/05\/jb-edited.jpg","contentUrl":"https:\/\/www.balboasesores.com\/wp-content\/uploads\/2023\/05\/jb-edited.jpg","width":96,"height":54,"caption":"Balbo Asesores"},"image":{"@id":"https:\/\/www.balboasesores.com\/#\/schema\/logo\/image\/"}}]}},"_links":{"self":[{"href":"https:\/\/www.balboasesores.com\/en\/wp-json\/wp\/v2\/pages\/1217","targetHints":{"allow":["GET"]}}],"collection":[{"href":"https:\/\/www.balboasesores.com\/en\/wp-json\/wp\/v2\/pages"}],"about":[{"href":"https:\/\/www.balboasesores.com\/en\/wp-json\/wp\/v2\/types\/page"}],"author":[{"embeddable":true,"href":"https:\/\/www.balboasesores.com\/en\/wp-json\/wp\/v2\/users\/1"}],"replies":[{"embeddable":true,"href":"https:\/\/www.balboasesores.com\/en\/wp-json\/wp\/v2\/comments?post=1217"}],"version-history":[{"count":1,"href":"https:\/\/www.balboasesores.com\/en\/wp-json\/wp\/v2\/pages\/1217\/revisions"}],"predecessor-version":[{"id":1218,"href":"https:\/\/www.balboasesores.com\/en\/wp-json\/wp\/v2\/pages\/1217\/revisions\/1218"}],"wp:attachment":[{"href":"https:\/\/www.balboasesores.com\/en\/wp-json\/wp\/v2\/media?parent=1217"}],"curies":[{"name":"wp","href":"https:\/\/api.w.org\/{rel}","templated":true}]}}